{"id":7,"date":"2015-07-20T09:13:12","date_gmt":"2015-07-20T09:13:12","guid":{"rendered":"http:\/\/demo.themegrill.com\/himalayas\/?page_id=7"},"modified":"2025-05-30T09:51:42","modified_gmt":"2025-05-30T09:51:42","slug":"nosotros","status":"publish","type":"page","link":"https:\/\/centraljas.com\/index.php\/nosotros\/","title":{"rendered":"<!-- Nosotros -->"},"content":{"rendered":"<p><img loading=\"lazy\" decoding=\"async\" class=\"alignnone  wp-image-511\" src=\"https:\/\/centraljas.com\/wp-content\/uploads\/2024\/05\/FachadaJAS-300x154.jpg\" alt=\"\" width=\"855\" height=\"439\" srcset=\"https:\/\/centraljas.com\/wp-content\/uploads\/2024\/05\/FachadaJAS-300x154.jpg 300w, https:\/\/centraljas.com\/wp-content\/uploads\/2024\/05\/FachadaJAS-1024x527.jpg 1024w, https:\/\/centraljas.com\/wp-content\/uploads\/2024\/05\/FachadaJAS-768x395.jpg 768w, https:\/\/centraljas.com\/wp-content\/uploads\/2024\/05\/FachadaJAS.jpg 1200w\" sizes=\"(max-width: 855px) 100vw, 855px\" \/><\/p>\n<p><strong>Central Hortofrut\u00edcola J.A.S<\/strong>, es una empresa de c\u00e1maras frigor\u00edficas de <strong>Atm\u00f3sfera Controlada y Fr\u00edo Industrial<\/strong>. Constituida en el a\u00f1o 1992 actualmente dispone de <strong>17<\/strong> c\u00e1maras de <strong>Atm\u00f3sfera Controlada <\/strong>con capacidad total de almacenamiento frigor\u00edfico para <strong>4.000<\/strong><strong>toneladas<\/strong>, y <strong>3<\/strong> c\u00e1maras de <strong>fr\u00edo Industrial<\/strong> con capacidad total de almacenamiento frigor\u00edfico para<strong> 600 toneladas<\/strong>.<br \/>Tiene como principal actividad la conservaci\u00f3n y comercializaci\u00f3n de<strong> Pera Conferencia y Manzana Fuji<\/strong>, siendo el procedimiento \u00f3ptimo para su conservaci\u00f3n, que est\u00e9 almacenada en nuestras c\u00e1maras de Atm\u00f3sfera Controlada, dentro de las 6 horas desde su recolecci\u00f3n y la conservaci\u00f3n y comercializaci\u00f3n de Manzana.<br \/>La gran capacidad de fr\u00edo disponible, permite tambi\u00e9n <strong>ofrecer <\/strong><strong>servicios de diferentes variedades de productos<\/strong>, tanto para <strong>Atm\u00f3sfera Controlada <\/strong>como para<strong> Fr\u00edo Industrial.<\/strong><\/p>\n<hr \/>\n<hr \/>\n<h3><span style=\"color: #00ccff;\">Central Hortofrut\u00edcola J.A.S, apuesta por la Sostenibilidad<\/span><\/h3>\n<p><img loading=\"lazy\" decoding=\"async\" class=\"alignnone wp-image-521 \" src=\"https:\/\/centraljas.com\/wp-content\/uploads\/2025\/05\/Cartel_Solar-e1748529584237-300x212.png\" alt=\"\" width=\"891\" height=\"628\" srcset=\"https:\/\/centraljas.com\/wp-content\/uploads\/2025\/05\/Cartel_Solar-e1748529584237-300x212.png 300w, https:\/\/centraljas.com\/wp-content\/uploads\/2025\/05\/Cartel_Solar-e1748529584237-1024x723.png 1024w, https:\/\/centraljas.com\/wp-content\/uploads\/2025\/05\/Cartel_Solar-e1748529584237-768x542.png 768w, https:\/\/centraljas.com\/wp-content\/uploads\/2025\/05\/Cartel_Solar-e1748529584237.png 1187w\" sizes=\"(max-width: 891px) 100vw, 891px\" \/><\/p>\n<hr \/>\n<p><img loading=\"lazy\" decoding=\"async\" class=\"alignleft wp-image-536\" src=\"https:\/\/centraljas.com\/wp-content\/uploads\/2025\/05\/Placas1-300x154.jpg\" alt=\"\" width=\"341\" height=\"175\" srcset=\"https:\/\/centraljas.com\/wp-content\/uploads\/2025\/05\/Placas1-300x154.jpg 300w, https:\/\/centraljas.com\/wp-content\/uploads\/2025\/05\/Placas1-1024x526.jpg 1024w, https:\/\/centraljas.com\/wp-content\/uploads\/2025\/05\/Placas1-768x395.jpg 768w, https:\/\/centraljas.com\/wp-content\/uploads\/2025\/05\/Placas1.jpg 1133w\" sizes=\"(max-width: 341px) 100vw, 341px\" \/><img loading=\"lazy\" decoding=\"async\" class=\"alignright wp-image-546\" src=\"https:\/\/centraljas.com\/wp-content\/uploads\/2025\/05\/Placas_2-300x131.jpg\" alt=\"\" width=\"400\" height=\"175\" srcset=\"https:\/\/centraljas.com\/wp-content\/uploads\/2025\/05\/Placas_2-300x131.jpg 300w, https:\/\/centraljas.com\/wp-content\/uploads\/2025\/05\/Placas_2-1024x447.jpg 1024w, https:\/\/centraljas.com\/wp-content\/uploads\/2025\/05\/Placas_2-768x335.jpg 768w, https:\/\/centraljas.com\/wp-content\/uploads\/2025\/05\/Placas_2.jpg 1333w\" sizes=\"(max-width: 400px) 100vw, 400px\" \/><\/p>\n\n\n<p><\/p>\n\n\n\n<div style=\"height:30px\" aria-hidden=\"true\" class=\"wp-block-spacer\"><\/div>\n\n\n<div class=\"wp-block-image\">\n<figure class=\"alignright size-large is-resized\"><img loading=\"lazy\" decoding=\"async\" width=\"1024\" height=\"639\" src=\"https:\/\/centraljas.com\/wp-content\/uploads\/2025\/05\/Placas4-1-1024x639.jpg\" alt=\"\" class=\"wp-image-568\" style=\"width:400px\" srcset=\"https:\/\/centraljas.com\/wp-content\/uploads\/2025\/05\/Placas4-1-1024x639.jpg 1024w, https:\/\/centraljas.com\/wp-content\/uploads\/2025\/05\/Placas4-1-300x187.jpg 300w, https:\/\/centraljas.com\/wp-content\/uploads\/2025\/05\/Placas4-1-768x479.jpg 768w, https:\/\/centraljas.com\/wp-content\/uploads\/2025\/05\/Placas4-1.jpg 1333w\" sizes=\"(max-width: 1024px) 100vw, 1024px\" \/><\/figure><\/div>\n\n<div class=\"wp-block-image\">\n<figure class=\"alignleft size-large is-resized\"><img loading=\"lazy\" decoding=\"async\" width=\"1024\" height=\"752\" src=\"https:\/\/centraljas.com\/wp-content\/uploads\/2025\/05\/Placas3-2-1024x752.jpg\" alt=\"\" class=\"wp-image-566\" style=\"width:341px\" srcset=\"https:\/\/centraljas.com\/wp-content\/uploads\/2025\/05\/Placas3-2-1024x752.jpg 1024w, https:\/\/centraljas.com\/wp-content\/uploads\/2025\/05\/Placas3-2-300x220.jpg 300w, https:\/\/centraljas.com\/wp-content\/uploads\/2025\/05\/Placas3-2-768x564.jpg 768w, https:\/\/centraljas.com\/wp-content\/uploads\/2025\/05\/Placas3-2.jpg 1133w\" sizes=\"(max-width: 1024px) 100vw, 1024px\" \/><\/figure><\/div>","protected":false},"excerpt":{"rendered":"<p>Central Hortofrut\u00edcola J.A.S, es una empresa de c\u00e1maras frigor\u00edficas<br \/>\nde Atm\u00f3sfera Controlada y Fr\u00edo Industrial. Constituida en el a\u00f1o<br \/>\n1992 actualmente dispone de 17 c\u00e1maras de Atm\u00f3sfera Controlada<br \/>\ncon capacidad total de almacenamiento frigor\u00edfico para 4.000<br \/>\ntoneladas, y 3 c\u00e1maras de fr\u00edo Industrial con capacidad total de<br \/>\nalmacenamiento frigor\u00edfico para 600 toneladas. <\/p>\n<p>Tiene como principal actividad la conservaci\u00f3n y comercializaci\u00f3n<br \/>\nde Pera Conferencia y Manzana Fuji, siendo el procedimiento \u00f3ptimo para su<br \/>\nconservaci\u00f3n, que est\u00e9 almacenada en nuestras c\u00e1maras de<br \/>\nAtm\u00f3sfera Controlada, dentro de las 6 horas desde su recolecci\u00f3n y<br \/>\nla conservaci\u00f3n y comercializaci\u00f3n de Manzana de diferentes<br \/>\nvariedades.<\/p>\n","protected":false},"author":1,"featured_media":479,"parent":0,"menu_order":0,"comment_status":"closed","ping_status":"closed","template":"","meta":{"footnotes":""},"_links":{"self":[{"href":"https:\/\/centraljas.com\/index.php\/wp-json\/wp\/v2\/pages\/7"}],"collection":[{"href":"https:\/\/centraljas.com\/index.php\/wp-json\/wp\/v2\/pages"}],"about":[{"href":"https:\/\/centraljas.com\/index.php\/wp-json\/wp\/v2\/types\/page"}],"author":[{"embeddable":true,"href":"https:\/\/centraljas.com\/index.php\/wp-json\/wp\/v2\/users\/1"}],"replies":[{"embeddable":true,"href":"https:\/\/centraljas.com\/index.php\/wp-json\/wp\/v2\/comments?post=7"}],"version-history":[{"count":45,"href":"https:\/\/centraljas.com\/index.php\/wp-json\/wp\/v2\/pages\/7\/revisions"}],"predecessor-version":[{"id":575,"href":"https:\/\/centraljas.com\/index.php\/wp-json\/wp\/v2\/pages\/7\/revisions\/575"}],"wp:featuredmedia":[{"embeddable":true,"href":"https:\/\/centraljas.com\/index.php\/wp-json\/wp\/v2\/media\/479"}],"wp:attachment":[{"href":"https:\/\/centraljas.com\/index.php\/wp-json\/wp\/v2\/media?parent=7"}],"curies":[{"name":"wp","href":"https:\/\/api.w.org\/{rel}","templated":true}]}}