{"id":53,"date":"2015-07-20T10:49:58","date_gmt":"2015-07-20T10:49:58","guid":{"rendered":"http:\/\/demo.themegrill.com\/himalayas\/?page_id=53"},"modified":"2024-05-24T11:01:04","modified_gmt":"2024-05-24T11:01:04","slug":"alquiler-frio","status":"publish","type":"page","link":"https:\/\/centraljas.com\/index.php\/alquiler-frio\/","title":{"rendered":"Alquiler Fr\u00edo Industrial"},"content":{"rendered":"<p>Ponemos a vuestro servicio Alquiler de C\u00e1maras de Frio Industrial para todo tipo de alimentaci\u00f3n, que se puedan conservar a valores de &#8211; 3 Grados,\u00a0 disponemos de C\u00e1maras de varios tama\u00f1os para cubrir las necesidades de nuestros clientes.<\/p>\n\n","protected":false},"excerpt":{"rendered":"<p>Ponemos a vuestro servicio Alquiler de C\u00e1maras de Frio Industrial para todo tipo de alimentaci\u00f3n,\u00a0 disponemos de C\u00e1maras de varios tama\u00f1os para cubrir las necesidades de nuestros clientes.<\/p>\n","protected":false},"author":1,"featured_media":356,"parent":0,"menu_order":0,"comment_status":"closed","ping_status":"closed","template":"page-templates\/template-services.php","meta":{"footnotes":""},"_links":{"self":[{"href":"https:\/\/centraljas.com\/index.php\/wp-json\/wp\/v2\/pages\/53"}],"collection":[{"href":"https:\/\/centraljas.com\/index.php\/wp-json\/wp\/v2\/pages"}],"about":[{"href":"https:\/\/centraljas.com\/index.php\/wp-json\/wp\/v2\/types\/page"}],"author":[{"embeddable":true,"href":"https:\/\/centraljas.com\/index.php\/wp-json\/wp\/v2\/users\/1"}],"replies":[{"embeddable":true,"href":"https:\/\/centraljas.com\/index.php\/wp-json\/wp\/v2\/comments?post=53"}],"version-history":[{"count":16,"href":"https:\/\/centraljas.com\/index.php\/wp-json\/wp\/v2\/pages\/53\/revisions"}],"predecessor-version":[{"id":505,"href":"https:\/\/centraljas.com\/index.php\/wp-json\/wp\/v2\/pages\/53\/revisions\/505"}],"wp:featuredmedia":[{"embeddable":true,"href":"https:\/\/centraljas.com\/index.php\/wp-json\/wp\/v2\/media\/356"}],"wp:attachment":[{"href":"https:\/\/centraljas.com\/index.php\/wp-json\/wp\/v2\/media?parent=53"}],"curies":[{"name":"wp","href":"https:\/\/api.w.org\/{rel}","templated":true}]}}