{"id":52,"date":"2015-07-20T10:48:26","date_gmt":"2015-07-20T10:48:26","guid":{"rendered":"http:\/\/demo.themegrill.com\/himalayas\/?page_id=52"},"modified":"2020-07-23T11:25:23","modified_gmt":"2020-07-23T11:25:23","slug":"alquiler-atmosfera-controlada","status":"publish","type":"page","link":"https:\/\/centraljas.com\/index.php\/alquiler-atmosfera-controlada\/","title":{"rendered":"Alquiler Atm\u00f3sfera Controlada"},"content":{"rendered":"<p>Disponemos de Alquiler de C\u00e1maras de Atm\u00f3sfera Controlada, para conservaci\u00f3n de Pera y Manzana, reduciendo los niveles de Ox\u00edgeno y CO2 para alargar la conservaci\u00f3n hasta el mes de junio.<\/p>\n\n\n<figure class=\"wp-block-image size-large\"><img loading=\"lazy\" decoding=\"async\" width=\"1024\" height=\"768\" src=\"http:\/\/192.168.1.240\/wp-content\/uploads\/2020\/06\/IMG20200610150706-1024x768.jpg\" alt=\"\" class=\"wp-image-365\" srcset=\"https:\/\/centraljas.com\/wp-content\/uploads\/2020\/06\/IMG20200610150706-1024x768.jpg 1024w, https:\/\/centraljas.com\/wp-content\/uploads\/2020\/06\/IMG20200610150706-300x225.jpg 300w, https:\/\/centraljas.com\/wp-content\/uploads\/2020\/06\/IMG20200610150706-768x576.jpg 768w, https:\/\/centraljas.com\/wp-content\/uploads\/2020\/06\/IMG20200610150706-1536x1152.jpg 1536w, https:\/\/centraljas.com\/wp-content\/uploads\/2020\/06\/IMG20200610150706-2048x1536.jpg 2048w\" sizes=\"(max-width: 1024px) 100vw, 1024px\" \/><\/figure>\n","protected":false},"excerpt":{"rendered":"<p>Disponemos de Alquiler de C\u00e1maras de Atm\u00f3sfera Controlada, para conservaci\u00f3n de Pera y Manzana, reduciendo los niveles de Ox\u00edgeno y CO2 para alargar la conservaci\u00f3n<\/p>\n","protected":false},"author":1,"featured_media":381,"parent":0,"menu_order":0,"comment_status":"closed","ping_status":"open","template":"page-templates\/template-services.php","meta":{"footnotes":""},"_links":{"self":[{"href":"https:\/\/centraljas.com\/index.php\/wp-json\/wp\/v2\/pages\/52"}],"collection":[{"href":"https:\/\/centraljas.com\/index.php\/wp-json\/wp\/v2\/pages"}],"about":[{"href":"https:\/\/centraljas.com\/index.php\/wp-json\/wp\/v2\/types\/page"}],"author":[{"embeddable":true,"href":"https:\/\/centraljas.com\/index.php\/wp-json\/wp\/v2\/users\/1"}],"replies":[{"embeddable":true,"href":"https:\/\/centraljas.com\/index.php\/wp-json\/wp\/v2\/comments?post=52"}],"version-history":[{"count":5,"href":"https:\/\/centraljas.com\/index.php\/wp-json\/wp\/v2\/pages\/52\/revisions"}],"predecessor-version":[{"id":472,"href":"https:\/\/centraljas.com\/index.php\/wp-json\/wp\/v2\/pages\/52\/revisions\/472"}],"wp:featuredmedia":[{"embeddable":true,"href":"https:\/\/centraljas.com\/index.php\/wp-json\/wp\/v2\/media\/381"}],"wp:attachment":[{"href":"https:\/\/centraljas.com\/index.php\/wp-json\/wp\/v2\/media?parent=52"}],"curies":[{"name":"wp","href":"https:\/\/api.w.org\/{rel}","templated":true}]}}